{"id":60,"date":"2025-09-15T09:38:19","date_gmt":"2025-09-15T09:38:19","guid":{"rendered":"https:\/\/www.tavernier.louisst.o2switch.site\/blog\/?page_id=60"},"modified":"2025-11-03T11:42:40","modified_gmt":"2025-11-03T10:42:40","slug":"formation","status":"publish","type":"page","link":"https:\/\/www.tavernier.louisst.o2switch.site\/blog\/formation\/","title":{"rendered":"Formation"},"content":{"rendered":"\n<p>J&rsquo;\u00e9tudie sur le campus SupAlta situer \u00e0 croix rousse \u00e0 Lyon, ce campus regroupe plusieurs \u00e9coles comme Saint-Louis Saint-Bruno (o\u00f9 je suis), l&rsquo;Ircom et les Chartreux. C\u2019est un environnement dynamique o\u00f9 l\u2019on travaille en petits groupes et o\u00f9 les projets sont concrets.<br>L\u2019ambiance est motivante et les enseignants accompagnent bien les \u00e9tudiants dans leurs projets professionnels.<\/p>\n\n\n\n<p> Je suis actuellement \u00e9tudiant en BTS N\u00e9gociation et Digitalisation de la Relation Client (NDRC), une formation moderne qui pr\u00e9pare aux m\u00e9tiers du commerce et de la communication num\u00e9rique.<br>Ce cursus me permet de d\u00e9velopper des comp\u00e9tences commerciales tout en apprenant \u00e0 ma\u00eetriser les outils digitaux indispensables aujourd\u2019hui. Le BTS NDRC est une formation tr\u00e8s pratique : nous apprenons \u00e0 n\u00e9gocier, \u00e0 communiquer avec les clients et \u00e0 utiliser Internet pour d\u00e9velopper une activit\u00e9.<br><\/p>\n\n\n\n<p>Voici quelques mati\u00e8res que j\u2019appr\u00e9cie particuli\u00e8rement :<\/p>\n\n\n\n<ul class=\"wp-block-list\">\n<li>Relation client et n\u00e9gociation-vente : apprendre \u00e0 pr\u00e9senter un produit, \u00e0 \u00e9couter et convaincre.<\/li>\n\n\n\n<li>Relation client \u00e0 distance et digitalisation : cr\u00e9er des publications, g\u00e9rer un site web ou une page professionnelle sur les r\u00e9seaux sociaux.<\/li>\n\n\n\n<li>Culture \u00e9conomique, juridique et manag\u00e9riale : comprendre le fonctionnement des entreprises<\/li>\n<\/ul>\n\n\n\n<figure class=\"wp-block-table\"><table class=\"has-fixed-layout\"><tbody><tr><td>Mati\u00e8res enseign\u00e9es<\/td><td>Volume hebdomadaire 1 \u00e8re ann\u00e9e<\/td><td>Volume hebdomadaires 2 -\u00e8me ann\u00e9e<\/td><\/tr><tr><td>Culture G\u00e9n\u00e9rale Et Expression<\/td><td><br>2h\/Semaine<\/td><td><br>2h\/Semaine<\/td><\/tr><tr><td>Langue Vivante \u00c9trang\u00e8re (Anglais)<\/td><td>3h\/Semaine<\/td><td>3h\/Semaine<\/td><\/tr><tr><td>Culture \u00c9conomique, Juridique Et Manag\u00e9riale (CEJM)<\/td><td>4h\/Semaine<\/td><td>4h\/Semaine<\/td><\/tr><tr><td>Relation Client Et N\u00e9gociation-Vente<\/td><td>6h\/Semaine<\/td><td>6h\/Semaine<\/td><\/tr><tr><td>Relation Client \u00c0 Distance Et Digitalisation<\/td><td>5h\/Semaine<\/td><td>5h\/Semaine<\/td><\/tr><tr><td>Relation Client Et Animation De R\u00e9seaux<\/td><td>4h\/Semaine<\/td><td>4h\/Semaine<\/td><\/tr><tr><td>Atelier De Professionnalisation<\/td><td>4h\/Semaine<\/td><td>4h\/Semaine<\/td><\/tr><\/tbody><\/table><\/figure>\n\n\n\n<p><strong>O\u00f9 se trouve SupAlta ?<\/strong><\/p>\n\n\n\t\t\t<div \n\t\t\tclass=\"wp-block-uagb-google-map uagb-google-map__wrap uagb-block-47c6b276     \"\n\t\t\tstyle=\"\" >\n\t\t\t\t<embed\n\t\t\t\t\tclass=\"uagb-google-map__iframe\"\n\t\t\t\t\ttitle=\"Carte Google pour \"\n\t\t\t\t\tsrc=\"https:\/\/maps.google.com\/maps?q=38%20rue%20pierre%20dupont&#038;z=12&#038;hl=en&#038;t=m&#038;output=embed&#038;iwloc=near\"\n\t\t\t\t\twidth=\"640\"\n\t\t\t\t\theight=\"300\"\n\t\t\t\t\tloading=\"lazy\"\n\t\t\t\t><\/embed>\n\t\t\t<\/div>\n\t\t\t\n\n\n<p>Voici le temps qu&rsquo;il me reste avant d&rsquo;\u00eatre dipl\u00f4m\u00e9 de mon BTS <\/p>\n\n\n\n<div class=\"wp-block-uagb-countdown uagb-block-b0dfe916\"><div class=\"wp-block-uagb-countdown__box wp-block-uagb-countdown__box-days\"><div role=\"timer\" aria-live=\"off\" class=\"wp-block-uagb-countdown__time wp-block-uagb-countdown__time-days\">&#8211;<\/div><div class=\"wp-block-uagb-countdown__label\">DAYS<\/div><\/div><div class=\"wp-block-uagb-countdown__box wp-block-uagb-countdown__box-hours\"><div role=\"timer\" aria-live=\"off\" class=\"wp-block-uagb-countdown__time wp-block-uagb-countdown__time-hours\">&#8211;<\/div><div class=\"wp-block-uagb-countdown__label\">HOURS<\/div><\/div><div class=\"wp-block-uagb-countdown__box wp-block-uagb-countdown__box-minutes\"><div role=\"timer\" aria-live=\"off\" class=\"wp-block-uagb-countdown__time wp-block-uagb-countdown__time-minutes\">&#8211;<\/div><div class=\"wp-block-uagb-countdown__label\">MINUTES<\/div><\/div><div class=\"wp-block-uagb-countdown__box wp-block-uagb-countdown__box-seconds\"><div role=\"timer\" aria-live=\"off\" class=\"wp-block-uagb-countdown__time wp-block-uagb-countdown__time-seconds\">&#8211;<\/div><div class=\"wp-block-uagb-countdown__label\">SECONDS<\/div><\/div><\/div>\n","protected":false},"excerpt":{"rendered":"<p>J&rsquo;\u00e9tudie sur le campus SupAlta situer \u00e0 croix rousse \u00e0 Lyon, ce campus regroupe plusieurs \u00e9coles comme Saint-Louis Saint-Bruno (o\u00f9 [&hellip;]<\/p>\n","protected":false},"author":1,"featured_media":0,"parent":0,"menu_order":0,"comment_status":"closed","ping_status":"closed","template":"","meta":{"_uag_custom_page_level_css":"","site-sidebar-layout":"default","site-content-layout":"","ast-site-content-layout":"default","site-content-style":"default","site-sidebar-style":"default","ast-global-header-display":"","ast-banner-title-visibility":"","ast-main-header-display":"","ast-hfb-above-header-display":"","ast-hfb-below-header-display":"","ast-hfb-mobile-header-display":"","site-post-title":"","ast-breadcrumbs-content":"","ast-featured-img":"","footer-sml-layout":"","theme-transparent-header-meta":"","adv-header-id-meta":"","stick-header-meta":"","header-above-stick-meta":"","header-main-stick-meta":"","header-below-stick-meta":"","astra-migrate-meta-layouts":"default","ast-page-background-enabled":"default","ast-page-background-meta":{"desktop":{"background-color":"var(--ast-global-color-5)","background-image":"","background-repeat":"repeat","background-position":"center center","background-size":"auto","background-attachment":"scroll","background-type":"","background-media":"","overlay-type":"","overlay-color":"","overlay-opacity":"","overlay-gradient":""},"tablet":{"background-color":"","background-image":"","background-repeat":"repeat","background-position":"center center","background-size":"auto","background-attachment":"scroll","background-type":"","background-media":"","overlay-type":"","overlay-color":"","overlay-opacity":"","overlay-gradient":""},"mobile":{"background-color":"","background-image":"","background-repeat":"repeat","background-position":"center center","background-size":"auto","background-attachment":"scroll","background-type":"","background-media":"","overlay-type":"","overlay-color":"","overlay-opacity":"","overlay-gradient":""}},"ast-content-background-meta":{"desktop":{"background-color":"var(--ast-global-color-4)","background-image":"","background-repeat":"repeat","background-position":"center center","background-size":"auto","background-attachment":"scroll","background-type":"","background-media":"","overlay-type":"","overlay-color":"","overlay-opacity":"","overlay-gradient":""},"tablet":{"background-color":"var(--ast-global-color-4)","background-image":"","background-repeat":"repeat","background-position":"center center","background-size":"auto","background-attachment":"scroll","background-type":"","background-media":"","overlay-type":"","overlay-color":"","overlay-opacity":"","overlay-gradient":""},"mobile":{"background-color":"var(--ast-global-color-4)","background-image":"","background-repeat":"repeat","background-position":"center center","background-size":"auto","background-attachment":"scroll","background-type":"","background-media":"","overlay-type":"","overlay-color":"","overlay-opacity":"","overlay-gradient":""}},"footnotes":""},"class_list":["post-60","page","type-page","status-publish","hentry"],"uagb_featured_image_src":{"full":false,"thumbnail":false,"medium":false,"medium_large":false,"large":false,"1536x1536":false,"2048x2048":false},"uagb_author_info":{"display_name":"admin","author_link":"https:\/\/www.tavernier.louisst.o2switch.site\/blog\/author\/admin\/"},"uagb_comment_info":0,"uagb_excerpt":"J&rsquo;\u00e9tudie sur le campus SupAlta situer \u00e0 croix rousse \u00e0 Lyon, ce campus regroupe plusieurs \u00e9coles comme Saint-Louis Saint-Bruno (o\u00f9 [&hellip;]","_links":{"self":[{"href":"https:\/\/www.tavernier.louisst.o2switch.site\/blog\/wp-json\/wp\/v2\/pages\/60","targetHints":{"allow":["GET"]}}],"collection":[{"href":"https:\/\/www.tavernier.louisst.o2switch.site\/blog\/wp-json\/wp\/v2\/pages"}],"about":[{"href":"https:\/\/www.tavernier.louisst.o2switch.site\/blog\/wp-json\/wp\/v2\/types\/page"}],"author":[{"embeddable":true,"href":"https:\/\/www.tavernier.louisst.o2switch.site\/blog\/wp-json\/wp\/v2\/users\/1"}],"replies":[{"embeddable":true,"href":"https:\/\/www.tavernier.louisst.o2switch.site\/blog\/wp-json\/wp\/v2\/comments?post=60"}],"version-history":[{"count":11,"href":"https:\/\/www.tavernier.louisst.o2switch.site\/blog\/wp-json\/wp\/v2\/pages\/60\/revisions"}],"predecessor-version":[{"id":278,"href":"https:\/\/www.tavernier.louisst.o2switch.site\/blog\/wp-json\/wp\/v2\/pages\/60\/revisions\/278"}],"wp:attachment":[{"href":"https:\/\/www.tavernier.louisst.o2switch.site\/blog\/wp-json\/wp\/v2\/media?parent=60"}],"curies":[{"name":"wp","href":"https:\/\/api.w.org\/{rel}","templated":true}]}}