{"id":61,"date":"2025-09-15T09:38:19","date_gmt":"2025-09-15T09:38:19","guid":{"rendered":"https:\/\/www.tavernier.louisst.o2switch.site\/blog\/?page_id=61"},"modified":"2025-11-03T10:28:26","modified_gmt":"2025-11-03T09:28:26","slug":"projet-professionnels","status":"publish","type":"page","link":"https:\/\/www.tavernier.louisst.o2switch.site\/blog\/projet-professionnels\/","title":{"rendered":"Projet Professionnels"},"content":{"rendered":"\n<p>Mon projet professionnel est de travailler dans le marketing sportif, plus particuli\u00e8rement dans la communication d\u2019\u00e9v\u00e9nements li\u00e9s au tennis et au ski.<br>Je souhaite rejoindre une entreprise sp\u00e9cialis\u00e9e dans l\u2019organisation de tournois ou de comp\u00e9titions, ou encore dans la gestion de clubs sportifs.<\/p>\n\n\n\n<p>J\u2019aimerais aussi cr\u00e9er \u00e0 terme ma propre agence de communication sportive, pour aider les clubs \u00e0 se d\u00e9velopper gr\u00e2ce aux outils num\u00e9riques : cr\u00e9ation de sites, r\u00e9seaux sociaux, et campagnes publicitaires cibl\u00e9es.<\/p>\n\n\n\n<p>Pour illustrer cette page, j\u2019ai int\u00e9gr\u00e9 une vid\u00e9o YouTube montrant les coulisses de l\u2019organisation d\u2019un tournoi de tennis professionnel.<\/p>\n\n\n\n<p>Enfin, \u00e0 la fin de la page, un bouton redirige le lecteur vers la page de ma formation, pour montrer le lien entre mes \u00e9tudes actuelles et mon futur m\u00e9tier.<br>Ce lien met en valeur la coh\u00e9rence de mon parcours : le BTS NDRC m\u2019apporte les bases n\u00e9cessaires pour r\u00e9ussir dans le monde du sport et du digital.<\/p>\n\n\n\n<p><a href=\"https:\/\/www.bing.com\/videos\/riverview\/relatedvideo?&amp;q=j%27organise+un+tournois+de+tennis+&amp;&amp;mid=F3C55F3DDDAA2FC59B07F3C55F3DDDAA2FC59B07&amp;&amp;mcid=4AE0E1B54E66424597D4F29C096AEC98&amp;FORM=VRDGAR\">https:\/\/www.bing.com\/videos\/riverview\/relatedvideo?&amp;q=j%27organise+un+tournois+de+tennis+&amp;&amp;mid=F3C55F3DDDAA2FC59B07F3C55F3DDDAA2FC59B07&amp;&amp;mcid=4AE0E1B54E66424597D4F29C096AEC98&amp;FORM=VRDGAR<\/a><\/p>\n\n\n\n<p><\/p>\n\n\n\n<div class=\"wp-block-uagb-buttons uagb-buttons__outer-wrap uagb-btn__default-btn uagb-btn-tablet__default-btn uagb-btn-mobile__default-btn uagb-block-c6303e0b\"><div class=\"uagb-buttons__wrap uagb-buttons-layout-wrap \">\n<div class=\"wp-block-uagb-buttons-child uagb-buttons__outer-wrap uagb-block-0eafb1db wp-block-button\"><div class=\"uagb-button__wrapper\"><a class=\"uagb-buttons-repeater wp-block-button__link\" aria-label=\"\" href=\"#\" rel=\"follow noopener\" target=\"_self\" role=\"button\"><div class=\"uagb-button__link\">Voir la formation<\/div><\/a><\/div><\/div>\n<\/div><\/div>\n","protected":false},"excerpt":{"rendered":"<p>Mon projet professionnel est de travailler dans le marketing sportif, plus particuli\u00e8rement dans la communication d\u2019\u00e9v\u00e9nements li\u00e9s au tennis et [&hellip;]<\/p>\n","protected":false},"author":1,"featured_media":0,"parent":0,"menu_order":0,"comment_status":"closed","ping_status":"closed","template":"","meta":{"_uag_custom_page_level_css":"","site-sidebar-layout":"default","site-content-layout":"","ast-site-content-layout":"default","site-content-style":"default","site-sidebar-style":"default","ast-global-header-display":"","ast-banner-title-visibility":"","ast-main-header-display":"","ast-hfb-above-header-display":"","ast-hfb-below-header-display":"","ast-hfb-mobile-header-display":"","site-post-title":"","ast-breadcrumbs-content":"","ast-featured-img":"","footer-sml-layout":"","theme-transparent-header-meta":"","adv-header-id-meta":"","stick-header-meta":"","header-above-stick-meta":"","header-main-stick-meta":"","header-below-stick-meta":"","astra-migrate-meta-layouts":"default","ast-page-background-enabled":"default","ast-page-background-meta":{"desktop":{"background-color":"var(--ast-global-color-5)","background-image":"","background-repeat":"repeat","background-position":"center center","background-size":"auto","background-attachment":"scroll","background-type":"","background-media":"","overlay-type":"","overlay-color":"","overlay-opacity":"","overlay-gradient":""},"tablet":{"background-color":"","background-image":"","background-repeat":"repeat","background-position":"center center","background-size":"auto","background-attachment":"scroll","background-type":"","background-media":"","overlay-type":"","overlay-color":"","overlay-opacity":"","overlay-gradient":""},"mobile":{"background-color":"","background-image":"","background-repeat":"repeat","background-position":"center center","background-size":"auto","background-attachment":"scroll","background-type":"","background-media":"","overlay-type":"","overlay-color":"","overlay-opacity":"","overlay-gradient":""}},"ast-content-background-meta":{"desktop":{"background-color":"var(--ast-global-color-4)","background-image":"","background-repeat":"repeat","background-position":"center center","background-size":"auto","background-attachment":"scroll","background-type":"","background-media":"","overlay-type":"","overlay-color":"","overlay-opacity":"","overlay-gradient":""},"tablet":{"background-color":"var(--ast-global-color-4)","background-image":"","background-repeat":"repeat","background-position":"center center","background-size":"auto","background-attachment":"scroll","background-type":"","background-media":"","overlay-type":"","overlay-color":"","overlay-opacity":"","overlay-gradient":""},"mobile":{"background-color":"var(--ast-global-color-4)","background-image":"","background-repeat":"repeat","background-position":"center center","background-size":"auto","background-attachment":"scroll","background-type":"","background-media":"","overlay-type":"","overlay-color":"","overlay-opacity":"","overlay-gradient":""}},"footnotes":""},"class_list":["post-61","page","type-page","status-publish","hentry"],"uagb_featured_image_src":{"full":false,"thumbnail":false,"medium":false,"medium_large":false,"large":false,"1536x1536":false,"2048x2048":false},"uagb_author_info":{"display_name":"admin","author_link":"https:\/\/www.tavernier.louisst.o2switch.site\/blog\/author\/admin\/"},"uagb_comment_info":0,"uagb_excerpt":"Mon projet professionnel est de travailler dans le marketing sportif, plus particuli\u00e8rement dans la communication d\u2019\u00e9v\u00e9nements li\u00e9s au tennis et [&hellip;]","_links":{"self":[{"href":"https:\/\/www.tavernier.louisst.o2switch.site\/blog\/wp-json\/wp\/v2\/pages\/61","targetHints":{"allow":["GET"]}}],"collection":[{"href":"https:\/\/www.tavernier.louisst.o2switch.site\/blog\/wp-json\/wp\/v2\/pages"}],"about":[{"href":"https:\/\/www.tavernier.louisst.o2switch.site\/blog\/wp-json\/wp\/v2\/types\/page"}],"author":[{"embeddable":true,"href":"https:\/\/www.tavernier.louisst.o2switch.site\/blog\/wp-json\/wp\/v2\/users\/1"}],"replies":[{"embeddable":true,"href":"https:\/\/www.tavernier.louisst.o2switch.site\/blog\/wp-json\/wp\/v2\/comments?post=61"}],"version-history":[{"count":4,"href":"https:\/\/www.tavernier.louisst.o2switch.site\/blog\/wp-json\/wp\/v2\/pages\/61\/revisions"}],"predecessor-version":[{"id":260,"href":"https:\/\/www.tavernier.louisst.o2switch.site\/blog\/wp-json\/wp\/v2\/pages\/61\/revisions\/260"}],"wp:attachment":[{"href":"https:\/\/www.tavernier.louisst.o2switch.site\/blog\/wp-json\/wp\/v2\/media?parent=61"}],"curies":[{"name":"wp","href":"https:\/\/api.w.org\/{rel}","templated":true}]}}